{"id":28239,"date":"2025-12-23T15:50:33","date_gmt":"2025-12-23T14:50:33","guid":{"rendered":"https:\/\/www.shalomtabernacle.org\/offerings\/?post_type=product&#038;p=28239"},"modified":"2025-12-29T22:09:08","modified_gmt":"2025-12-29T21:09:08","slug":"fete-du-nouvel-an-2026","status":"publish","type":"product","link":"https:\/\/www.shalomtabernacle.org\/offerings\/produit\/fete-du-nouvel-an-2026\/","title":{"rendered":"F\u00eate du nouvel an 2026 &#8211; Shalom Tabernacle"},"content":{"rendered":"","protected":false},"excerpt":{"rendered":"<p class=\"p1\"><b>F\u00eate du Nouvel An 2026<\/b><\/p>\n<p class=\"p2\">Le 1er janvier 2026, venez c\u00e9l\u00e9brer le passage \u00e0 la nouvelle ann\u00e9e dans une atmosph\u00e8re conviviale et festive \u00e0 <span class=\"s1\"><b>l\u2019Espace Venise<\/b><\/span>. Au programme : pr\u00e9dication et voeux de la nouvelle ann\u00e9e, communion fraternelle autour d&rsquo;un repas,\u00a0 animation et musique, et un moment de c\u00e9l\u00e9bration pour d\u00e9marrer <span class=\"s1\"><b>2026<\/b><\/span>.<\/p>\n<p>&nbsp;<\/p>\n<p>Choisissez le type de r\u00e9servations (adulte ou enfant)<\/p>\n","protected":false},"featured_media":28372,"template":"","meta":[],"product_cat":[15],"product_tag":[],"_links":{"self":[{"href":"https:\/\/www.shalomtabernacle.org\/offerings\/wp-json\/wp\/v2\/product\/28239"}],"collection":[{"href":"https:\/\/www.shalomtabernacle.org\/offerings\/wp-json\/wp\/v2\/product"}],"about":[{"href":"https:\/\/www.shalomtabernacle.org\/offerings\/wp-json\/wp\/v2\/types\/product"}],"wp:featuredmedia":[{"embeddable":true,"href":"https:\/\/www.shalomtabernacle.org\/offerings\/wp-json\/wp\/v2\/media\/28372"}],"wp:attachment":[{"href":"https:\/\/www.shalomtabernacle.org\/offerings\/wp-json\/wp\/v2\/media?parent=28239"}],"wp:term":[{"taxonomy":"product_cat","embeddable":true,"href":"https:\/\/www.shalomtabernacle.org\/offerings\/wp-json\/wp\/v2\/product_cat?post=28239"},{"taxonomy":"product_tag","embeddable":true,"href":"https:\/\/www.shalomtabernacle.org\/offerings\/wp-json\/wp\/v2\/product_tag?post=28239"}],"curies":[{"name":"wp","href":"https:\/\/api.w.org\/{rel}","templated":true}]}}