{"id":1305,"date":"2020-02-24T14:06:04","date_gmt":"2020-02-24T13:06:04","guid":{"rendered":"https:\/\/www.shalomtabernacle.org\/offerings\/?page_id=1305"},"modified":"2020-02-24T14:06:06","modified_gmt":"2020-02-24T13:06:06","slug":"mentions-legales","status":"publish","type":"page","link":"https:\/\/www.shalomtabernacle.org\/offerings\/mentions-legales\/","title":{"rendered":"Mentions l\u00e9gales"},"content":{"rendered":"\n<h4 class=\"wp-block-heading\">Informations collect\u00e9es<\/h4>\n\n\n\n<p>Les informations recueillies sur ce site sont enregistr\u00e9es dans un fichier informatis\u00e9 par Shalom Tabernacle.\u00a0<\/p>\n\n\n\n<p>Elles sont destin\u00e9es \u00e0 la direction de la collecte et aux tiers mandat\u00e9s par Shalom Tabernacle \u00e0 des fins d&rsquo;envoi de votre re\u00e7u, d\u2019informations sur Shalom Tabernacle et d&rsquo;appel \u00e0 votre g\u00e9n\u00e9rosit\u00e9. Ces donn\u00e9es ne sont pas transf\u00e9r\u00e9es \u00e0 des tiers hors de l\u2019Union Europ\u00e9enne et sont conserv\u00e9es pendant la dur\u00e9e strictement n\u00e9cessaire aux finalit\u00e9s pr\u00e9c\u00e9demment cit\u00e9es.\u00a0<br>Dans le cadre sp\u00e9cifique d\u2019un paiement via Apple Pay ou Google Pay en revanche, les donn\u00e9es personnelles peuvent \u00eatre vir\u00e9es, trait\u00e9es et stock\u00e9es hors de l&rsquo;Union Europ\u00e9enne, donc dans des zones non soumises au RGPD et ne permettant pas de garantir un niveau de s\u00e9curit\u00e9 \u00e0 la zone de l&rsquo;Union Europ\u00e9enne.<\/p>\n\n\n\n<p>Conform\u00e9ment \u00e0 la loi \u00ab informatique et libert\u00e9s \u00bb et \u00e0 la r\u00e8glementation europ\u00e9enne, vous pouvez vous opposer \u00e0 l\u2019utilisation de vos donn\u00e9es \u00e0 caract\u00e8re personnel. Vous pouvez \u00e9galement introduire une r\u00e9clamation aupr\u00e8s de la CNIL. Vous b\u00e9n\u00e9ficiez d\u2019un droit d\u2019acc\u00e8s \u00e0 vos donn\u00e9es pour leur rectification, limitation, portabilit\u00e9 ou effacement, en nous contactant par email ou sur le site www.shalomtabernacle.org. Ces donn\u00e9es ne font pas l\u2019objet d\u2019\u00e9change avec d\u2019autres organismes.<\/p>\n\n\n\n<h4 class=\"wp-block-heading\"><\/h4>\n","protected":false},"excerpt":{"rendered":"<p>Informations collect\u00e9es Les informations recueillies sur ce site sont enregistr\u00e9es dans un fichier informatis\u00e9 par Shalom Tabernacle.\u00a0 Elles sont destin\u00e9es \u00e0 la direction de la collecte et aux tiers mandat\u00e9s par Shalom Tabernacle \u00e0 des fins d&rsquo;envoi de votre re\u00e7u, d\u2019informations sur Shalom Tabernacle et d&rsquo;appel \u00e0 votre g\u00e9n\u00e9rosit\u00e9. Ces donn\u00e9es ne sont pas transf\u00e9r\u00e9es [&hellip;]<\/p>\n","protected":false},"author":1,"featured_media":0,"parent":0,"menu_order":0,"comment_status":"closed","ping_status":"closed","template":"","meta":{"footnotes":""},"_links":{"self":[{"href":"https:\/\/www.shalomtabernacle.org\/offerings\/wp-json\/wp\/v2\/pages\/1305"}],"collection":[{"href":"https:\/\/www.shalomtabernacle.org\/offerings\/wp-json\/wp\/v2\/pages"}],"about":[{"href":"https:\/\/www.shalomtabernacle.org\/offerings\/wp-json\/wp\/v2\/types\/page"}],"author":[{"embeddable":true,"href":"https:\/\/www.shalomtabernacle.org\/offerings\/wp-json\/wp\/v2\/users\/1"}],"replies":[{"embeddable":true,"href":"https:\/\/www.shalomtabernacle.org\/offerings\/wp-json\/wp\/v2\/comments?post=1305"}],"version-history":[{"count":1,"href":"https:\/\/www.shalomtabernacle.org\/offerings\/wp-json\/wp\/v2\/pages\/1305\/revisions"}],"predecessor-version":[{"id":1306,"href":"https:\/\/www.shalomtabernacle.org\/offerings\/wp-json\/wp\/v2\/pages\/1305\/revisions\/1306"}],"wp:attachment":[{"href":"https:\/\/www.shalomtabernacle.org\/offerings\/wp-json\/wp\/v2\/media?parent=1305"}],"curies":[{"name":"wp","href":"https:\/\/api.w.org\/{rel}","templated":true}]}}